{"id":346,"date":"2023-01-18T18:00:23","date_gmt":"2023-01-18T21:00:23","guid":{"rendered":"https:\/\/bmi.incdigital.com.br\/?page_id=346"},"modified":"2023-01-25T15:00:44","modified_gmt":"2023-01-25T18:00:44","slug":"quem-somos","status":"publish","type":"page","link":"https:\/\/bancobmi.com.br\/en\/quem-somos\/","title":{"rendered":"Who we are"},"content":{"rendered":"<p>Somos uma institui\u00e7\u00e3o financeira de capital aberto, controlada pelo Banco Mercantil do Brasil. Focados na realiza\u00e7\u00e3o de neg\u00f3cio entre empresas, buscamos atender as necessidades dos clientes no financiamento dos seus projetos, conduzindo com sucesso opera\u00e7\u00f5es do mercado de capitais brasileiro. Se voc\u00ea procura alavancar o seu neg\u00f3cio, a gente pode te ajudar.<\/p>\n","protected":false},"excerpt":{"rendered":"<p>Somos uma institui\u00e7\u00e3o financeira de capital aberto, controlada pelo Banco Mercantil do Brasil. Focados na realiza\u00e7\u00e3o de neg\u00f3cio entre empresas, buscamos atender as necessidades dos clientes no financiamento dos seus projetos, conduzindo com sucesso opera\u00e7\u00f5es do mercado de capitais brasileiro. Se voc\u00ea procura alavancar o seu neg\u00f3cio, a gente pode te ajudar.<\/p>\n","protected":false},"author":1,"featured_media":93,"parent":0,"menu_order":0,"comment_status":"closed","ping_status":"closed","template":"","meta":{"footnotes":""},"acf":[],"yoast_head":"<!-- This site is optimized with the Yoast SEO plugin v20.11 - https:\/\/yoast.com\/wordpress\/plugins\/seo\/ -->\n<title>Who we are - BMI<\/title>\n<meta name=\"robots\" content=\"index, follow, max-snippet:-1, max-image-preview:large, max-video-preview:-1\" \/>\n<link rel=\"canonical\" href=\"https:\/\/bancobmi.com.br\/en\/quem-somos\/\" \/>\n<meta property=\"og:locale\" content=\"en_US\" \/>\n<meta property=\"og:type\" content=\"article\" \/>\n<meta property=\"og:title\" content=\"Who we are - BMI\" \/>\n<meta property=\"og:description\" content=\"Somos uma institui\u00e7\u00e3o financeira de capital aberto, controlada pelo Banco Mercantil do Brasil. Focados na realiza\u00e7\u00e3o de neg\u00f3cio entre empresas, buscamos atender as necessidades dos clientes no financiamento dos seus projetos, conduzindo com sucesso opera\u00e7\u00f5es do mercado de capitais brasileiro. Se voc\u00ea procura alavancar o seu neg\u00f3cio, a gente pode te ajudar.\" \/>\n<meta property=\"og:url\" content=\"https:\/\/bancobmi.com.br\/en\/quem-somos\/\" \/>\n<meta property=\"og:site_name\" content=\"BMI\" \/>\n<meta property=\"article:modified_time\" content=\"2023-01-25T18:00:44+00:00\" \/>\n<meta property=\"og:image\" content=\"https:\/\/bancobmi.com.br\/wp-content\/uploads\/2023\/01\/Rectangle-4-1.jpg\" \/>\n\t<meta property=\"og:image:width\" content=\"1440\" \/>\n\t<meta property=\"og:image:height\" content=\"345\" \/>\n\t<meta property=\"og:image:type\" content=\"image\/jpeg\" \/>\n<meta name=\"twitter:card\" content=\"summary_large_image\" \/>\n<script type=\"application\/ld+json\" class=\"yoast-schema-graph\">{\"@context\":\"https:\/\/schema.org\",\"@graph\":[{\"@type\":\"WebPage\",\"@id\":\"https:\/\/bancobmi.com.br\/en\/quem-somos\/\",\"url\":\"https:\/\/bancobmi.com.br\/en\/quem-somos\/\",\"name\":\"Who we are - BMI\",\"isPartOf\":{\"@id\":\"https:\/\/bancobmi.com.br\/#website\"},\"datePublished\":\"2023-01-18T21:00:23+00:00\",\"dateModified\":\"2023-01-25T18:00:44+00:00\",\"breadcrumb\":{\"@id\":\"https:\/\/bancobmi.com.br\/en\/quem-somos\/#breadcrumb\"},\"inLanguage\":\"en-US\",\"potentialAction\":[{\"@type\":\"ReadAction\",\"target\":[\"https:\/\/bancobmi.com.br\/en\/quem-somos\/\"]}]},{\"@type\":\"BreadcrumbList\",\"@id\":\"https:\/\/bancobmi.com.br\/en\/quem-somos\/#breadcrumb\",\"itemListElement\":[{\"@type\":\"ListItem\",\"position\":1,\"name\":\"In\u00edcio\",\"item\":\"https:\/\/bancobmi.com.br\/en\/\"},{\"@type\":\"ListItem\",\"position\":2,\"name\":\"Who we are\"}]},{\"@type\":\"WebSite\",\"@id\":\"https:\/\/bancobmi.com.br\/#website\",\"url\":\"https:\/\/bancobmi.com.br\/\",\"name\":\"BMI\",\"description\":\"Solu\u00e7\u00f5es personalizadas que geram resultados.\",\"potentialAction\":[{\"@type\":\"SearchAction\",\"target\":{\"@type\":\"EntryPoint\",\"urlTemplate\":\"https:\/\/bancobmi.com.br\/?s={search_term_string}\"},\"query-input\":\"required name=search_term_string\"}],\"inLanguage\":\"en-US\"}]}<\/script>\n<!-- \/ Yoast SEO plugin. -->","yoast_head_json":{"title":"Who we are - BMI","robots":{"index":"index","follow":"follow","max-snippet":"max-snippet:-1","max-image-preview":"max-image-preview:large","max-video-preview":"max-video-preview:-1"},"canonical":"https:\/\/bancobmi.com.br\/en\/quem-somos\/","og_locale":"en_US","og_type":"article","og_title":"Who we are - BMI","og_description":"Somos uma institui\u00e7\u00e3o financeira de capital aberto, controlada pelo Banco Mercantil do Brasil. Focados na realiza\u00e7\u00e3o de neg\u00f3cio entre empresas, buscamos atender as necessidades dos clientes no financiamento dos seus projetos, conduzindo com sucesso opera\u00e7\u00f5es do mercado de capitais brasileiro. Se voc\u00ea procura alavancar o seu neg\u00f3cio, a gente pode te ajudar.","og_url":"https:\/\/bancobmi.com.br\/en\/quem-somos\/","og_site_name":"BMI","article_modified_time":"2023-01-25T18:00:44+00:00","og_image":[{"width":1440,"height":345,"url":"https:\/\/bancobmi.com.br\/wp-content\/uploads\/2023\/01\/Rectangle-4-1.jpg","type":"image\/jpeg"}],"twitter_card":"summary_large_image","schema":{"@context":"https:\/\/schema.org","@graph":[{"@type":"WebPage","@id":"https:\/\/bancobmi.com.br\/en\/quem-somos\/","url":"https:\/\/bancobmi.com.br\/en\/quem-somos\/","name":"Who we are - BMI","isPartOf":{"@id":"https:\/\/bancobmi.com.br\/#website"},"datePublished":"2023-01-18T21:00:23+00:00","dateModified":"2023-01-25T18:00:44+00:00","breadcrumb":{"@id":"https:\/\/bancobmi.com.br\/en\/quem-somos\/#breadcrumb"},"inLanguage":"en-US","potentialAction":[{"@type":"ReadAction","target":["https:\/\/bancobmi.com.br\/en\/quem-somos\/"]}]},{"@type":"BreadcrumbList","@id":"https:\/\/bancobmi.com.br\/en\/quem-somos\/#breadcrumb","itemListElement":[{"@type":"ListItem","position":1,"name":"In\u00edcio","item":"https:\/\/bancobmi.com.br\/en\/"},{"@type":"ListItem","position":2,"name":"Who we are"}]},{"@type":"WebSite","@id":"https:\/\/bancobmi.com.br\/#website","url":"https:\/\/bancobmi.com.br\/","name":"BMI","description":"Solu\u00e7\u00f5es personalizadas que geram resultados.","potentialAction":[{"@type":"SearchAction","target":{"@type":"EntryPoint","urlTemplate":"https:\/\/bancobmi.com.br\/?s={search_term_string}"},"query-input":"required name=search_term_string"}],"inLanguage":"en-US"}]}},"_links":{"self":[{"href":"https:\/\/bancobmi.com.br\/en\/wp-json\/wp\/v2\/pages\/346"}],"collection":[{"href":"https:\/\/bancobmi.com.br\/en\/wp-json\/wp\/v2\/pages"}],"about":[{"href":"https:\/\/bancobmi.com.br\/en\/wp-json\/wp\/v2\/types\/page"}],"author":[{"embeddable":true,"href":"https:\/\/bancobmi.com.br\/en\/wp-json\/wp\/v2\/users\/1"}],"replies":[{"embeddable":true,"href":"https:\/\/bancobmi.com.br\/en\/wp-json\/wp\/v2\/comments?post=346"}],"version-history":[{"count":6,"href":"https:\/\/bancobmi.com.br\/en\/wp-json\/wp\/v2\/pages\/346\/revisions"}],"predecessor-version":[{"id":410,"href":"https:\/\/bancobmi.com.br\/en\/wp-json\/wp\/v2\/pages\/346\/revisions\/410"}],"wp:featuredmedia":[{"embeddable":true,"href":"https:\/\/bancobmi.com.br\/en\/wp-json\/wp\/v2\/media\/93"}],"wp:attachment":[{"href":"https:\/\/bancobmi.com.br\/en\/wp-json\/wp\/v2\/media?parent=346"}],"curies":[{"name":"wp","href":"https:\/\/api.w.org\/{rel}","templated":true}]}}